{"id":192,"date":"2024-05-05T12:17:19","date_gmt":"2024-05-05T10:17:19","guid":{"rendered":"https:\/\/ebojanowski.pl\/?page_id=192"},"modified":"2026-05-09T10:26:52","modified_gmt":"2026-05-09T08:26:52","slug":"https-ebojanowski-pl-wp-content-uploads-2024-05-ogloszenia-duszpasterskie-vi-niedziela-wielkanocna-gostyn-2024-doc","status":"publish","type":"page","link":"https:\/\/ebojanowski.pl\/?page_id=192","title":{"rendered":"OG\u0141OSZENIA"},"content":{"rendered":"\n<p class=\"has-text-align-center\"><strong>OG\u0141OSZENIA DUSZPASTERSKIE<\/strong><\/p>\n\n\n\n<p class=\"has-text-align-center\"><strong>6 NIEDZIELA WIELKANOCNA &#8211; 10.05.2026 ROKU<\/strong><\/p>\n\n\n\n<p>1. Dzisiaj II grupa dzieci przyst\u0119puje do I komunii \u015bw. na Mszy&nbsp; \u015aw. o godz. 11.00.<\/p>\n\n\n\n<p>Dzi\u0119kujemy Panu Bogu za dar Chleba, kt\u00f3ry daje \u017cycie wieczne i modlimy si\u0119 za dzieci, prosz\u0105c o \u017cyw\u0105 wiar\u0119 dla nich i ich rodzic\u00f3w.&nbsp;<\/p>\n\n\n\n<p>Zapraszam dzieci z rodzicami na Bia\u0142y Tydzie\u0144 od poniedzia\u0142ku do pi\u0105tku, o&nbsp; godz. 17.30&nbsp; nabo\u017ce\u0144stwo majowe i po nim Msza \u015bw.<\/p>\n\n\n\n<p>We wtorek dzieci udaj\u0105 si\u0119 na pielgrzymk\u0119 jako dzi\u0119kczynienie\u00a0 za dar I Komunii \u015bw. na \u015awi\u0119t\u0105 G\u00f3r\u0119 &#8211; spotkanie o godz. 16.00 przed bazylik\u0105.<\/p>\n\n\n\n<p>Dzi\u0119kuj\u0119&nbsp; rodzicom za posprz\u0105tanie ko\u015bcio\u0142a i terenu przy ko\u015bciele. B\u00f3g zap\u0142a\u0107.<\/p>\n\n\n\n<p>2. W przysz\u0142\u0105 niedziel\u0119 dzieci z klas IV prze\u017cywa\u0107 b\u0119d\u0105 I rocznic\u0119 Komunii \u015awi\u0119tej. Zapraszam dzieci i rodzic\u00f3w na msz\u0119 o godz.11.00. Okazja do spowiedzi dla dzieci i rodzic\u00f3w w czwartek od godz. 16.30-17.30.<\/p>\n\n\n\n<p>3. Zapraszam codziennie na nabo\u017ce\u0144stwa majowe o godz. 17.30, a we wtorek po Mszy \u015bw. porannej. Odmawiajmy litani\u0119 tak\u017ce w naszych domach, prosz\u0105c Boga&nbsp; przez wstawiennictwo Matki Bo\u017cej&nbsp; za nasz\u0105 Ojczyzn\u0119 oraz o pok\u00f3j na \u015bwiecie.<\/p>\n\n\n\n<p>W&nbsp; soboty i niedziele nabo\u017ce\u0144stwo majowe przy figurze Matki Bo\u017cej o godz. 20.30. Zach\u0119cam dzieci, m\u0142odzie\u017c i doros\u0142ych do udzia\u0142u&nbsp; w tych nabo\u017ce\u0144stwach.<\/p>\n\n\n\n<p>4.&nbsp; Zapraszam na cotygodniowe&nbsp; nabo\u017ce\u0144stwa:<\/p>\n\n\n\n<p>* w poniedzia\u0142ek-&nbsp; na Nowenn\u0119 do B\u0142. Edmunda Bojanowskiego<\/p>\n\n\n\n<p>* w \u015brod\u0119 &#8211; na&nbsp; Nowenn\u0119 do MBNP po\u0142\u0105czon\u0105 z nabo\u017ce\u0144stwem majowym &#8211;<\/p>\n\n\n\n<p>\u00a0* w czwartek\u00a0 na adoracj\u0119 Naj\u015bwi\u0119tszego Sakramentu od godz. 17.00- adoracja w ciszy i od godz. 17.30\u00a0 nabo\u017ce\u0144stwo majowe.<\/p>\n\n\n\n<p>5.<strong> Od poniedzia\u0142ku do \u015brody prze\u017cywa\u0107 b\u0119dziemy tzw. Dni krzy\u017cowe<\/strong>&nbsp; podczas kt\u00f3rych&nbsp; modlimy si\u0119 o dobre urodzaje. Zapraszam do wsp\u00f3lnej modlitwy rolnik\u00f3w, ogrodnik\u00f3w, sadownik\u00f3w i dzia\u0142kowicz\u00f3w&nbsp; na Msze \u015bw. i nabo\u017ce\u0144stwo przy Krzy\u017cu misyjnym.<\/p>\n\n\n\n<p>6. Dzi\u0119kuj\u0119 za ofiary na danin\u0119&nbsp; i&nbsp; na potrzeby parafii od rodzin z ulic: Kaczmarka, Kochanowskiego, Konopnickiej, Pozna\u0144skiej, Prusa.<\/p>\n\n\n\n<p>Dzi\u0119kuj\u0119 tak\u017ce za dary ofiarowane na probostwo. B\u00f3g zap\u0142a\u0107<\/p>\n\n\n\n<p>7. Polecam&nbsp; Przewodnik Katolicki.<\/p>\n\n\n\n<p>W minionym tygodniu B\u00f3g powo\u0142a\u0142 z naszej parafii: \u015bp. Stanis\u0142aw\u0119 Kieruzel&nbsp;&nbsp;&nbsp;&nbsp;&nbsp; l. 81 z ul. Tuwima \u2013 pogrzeb we wtorek o godz. 11.00. Dobry Jezu\u2026<\/p>\n\n\n\n<p>Wszystkim&nbsp; solenizantom&nbsp; i&nbsp; jubilatom&nbsp; tego tygodnia \u017cycz\u0119&nbsp; obfito\u015bci \u0142ask&nbsp; Bo\u017cych&nbsp; i&nbsp; opieki&nbsp; Matki&nbsp; Naj\u015bwi\u0119tszej&nbsp; na&nbsp; ka\u017cdy&nbsp; dzie\u0144. &nbsp;&nbsp;&nbsp;&nbsp;&nbsp;&nbsp;&nbsp;&nbsp;&nbsp;&nbsp;&nbsp;&nbsp;&nbsp;&nbsp;&nbsp;&nbsp;&nbsp;&nbsp;&nbsp;&nbsp;&nbsp;&nbsp;&nbsp;&nbsp;&nbsp;&nbsp;&nbsp;&nbsp;&nbsp;&nbsp;Dobrej&nbsp; i b\u0142ogos\u0142awionej niedzieli.<\/p>\n\n\n\n<p>Gosty\u0144,&nbsp; 10.05.2026 roku&nbsp;&nbsp;&nbsp;&nbsp;<\/p>\n\n\n\n<p>&nbsp;&nbsp;&nbsp;&nbsp;&nbsp;&nbsp;&nbsp;&nbsp;&nbsp;&nbsp;&nbsp;&nbsp;&nbsp;&nbsp;&nbsp;&nbsp;&nbsp;&nbsp;&nbsp;&nbsp;<\/p>\n\n\n\n<p class=\"has-text-align-center\">&nbsp;&nbsp;P<strong>ielgrzymko-Wycieczka<\/strong><\/p>\n\n\n\n<p class=\"has-text-align-center\"><strong>D\u0119bowiec- Bieszczady-Strachocin<\/strong><\/p>\n\n\n\n<p class=\"has-text-align-center\"><strong>27-31.07.2026<\/strong><\/p>\n\n\n\n<p><strong>Dzie\u0144 I:<\/strong><\/p>\n\n\n\n<p>*Wyjazd z parkingu przy probostwie o godz. 04:00.<\/p>\n\n\n\n<p>*Przejazd do miejscowo\u015bci D\u0119bowiec.<\/p>\n\n\n\n<p>-Msza \u015bw. i nawiedzenie Bazyliki Naj\u015bwi\u0119tszej Maryi Panny- \u201ePolskie La Salette\u201d.<\/p>\n\n\n\n<p>*Przejazd na nocleg, obiadokolacja i nocleg.<\/p>\n\n\n\n<p><strong>Dzie\u0144 II:<\/strong><\/p>\n\n\n\n<p>*\u015aniadanie i spotkanie z miejscowym przewodnikiem.<\/p>\n\n\n\n<p>*Przejazd do Balnicy- kurs \u201ebieszczadzk\u0105 ciuchci\u0105\u201d czyli kolejk\u0105 w\u0105skotorow\u0105<\/p>\n\n\n\n<p>*Przejazd do Zag\u00f3rz &#8211; Msza \u015bw. i nawiedzenie Sanktuarium Matki Bo\u017cej Nowego \u017bycia,<\/p>\n\n\n\n<p>*Pobyt w Klasztorze Si\u00f3str Nazaretanek w Koma\u0144czy,<\/p>\n\n\n\n<p>-Miejsce internowania Prymasa Polski b\u0142. Stefana Wyszy\u0144skiego.<\/p>\n\n\n\n<p>*Przejazd do miejsca zakwaterowania.<\/p>\n\n\n\n<p>*Wiecz\u00f3r biesiadny z muzyk\u0105 na \u017cywo, nocleg.<\/p>\n\n\n\n<p><strong>Dzie\u0144 III:<\/strong><\/p>\n\n\n\n<p>*\u015aniadanie i przejazd do Pola\u0144czyka.<\/p>\n\n\n\n<p>* Rejs statkiem spacerowym po Zalewie Soli\u0144skim.<\/p>\n\n\n\n<p>*Spacer po zaporze Soli\u0144skiej.<\/p>\n\n\n\n<p>-Dla ch\u0119tnych przejazd widokow\u0105 Kolejk\u0105 Gondolow\u0105 PKL Solina w obie strony. To szczeg\u00f3lna w skali kraju atrakcja, nie tylko pod wzgl\u0119dem turystycznym, ale r\u00f3wnie\u017c technologicznym.<\/p>\n\n\n\n<p>W niepowtarzalny spos\u00f3b mo\u017cemy podziwia\u0107 Jezioro Soli\u0144skie i bieszczadzkie krajobrazy.<\/p>\n\n\n\n<p>(Bilet p\u0142atny indywidualnie).<\/p>\n\n\n\n<p>*Zwiedzanie Centrum Kultury Ekumenicznej w Caritas Myczkowce<\/p>\n\n\n\n<p>(miniatury bieszczadzkich cerkwi, ogr\u00f3d biblijny, zwierzyniec).<\/p>\n\n\n\n<p>*Msza \u015bw. i nawiedzenie i zwiedzenie Sanktuarium Matki Pi\u0119knej Mi\u0142o\u015bci.<\/p>\n\n\n\n<p>*Przejazd do miejsca zakwaterowania, obiadokolacja i nocleg.<\/p>\n\n\n\n<p><strong>Dzie\u0144 IV:<\/strong><\/p>\n\n\n\n<p>*\u015aniadanie i wyjazd w PO\u0141ONINY do miejscowo\u015bci Wetlina.<\/p>\n\n\n\n<p>* Spacer do schroniska Bac\u00f3wka pod Ma\u0142a Rawka (bardzo \u0142agodna g\u00f3ra).<\/p>\n\n\n\n<p>*Przejazd tras\u0105 tzw. Du\u017cej P\u0119tli Bieszczadzkiej, z postojami w najciekawszych miejscach. \u201eLekcja bieszczadzkiej historii\u201d na terenie cmentarza wojskowego w Baligrodzie. Przerwa w Cisnej- karczma \u201eSiekierezada\u201d. Przejazd do miejscowo\u015bci Smolnik nad Sanem &#8211; cerkiew \u015aw. Micha\u0142a Archanio\u0142a, kt\u00f3ra nale\u017cy do najstarszych i najpi\u0119kniejszych zabytk\u00f3w architektury sakralnej w Bieszczadach.<\/p>\n\n\n\n<p>*Nawiedzenie Sanktuarium Matki Bo\u017cej Bieszczadzkiej w miejscowo\u015bci Jasie\u0144.<\/p>\n\n\n\n<p>*Przejazd do miejsca zakwaterowania, obiadokolacja i nocleg.<\/p>\n\n\n\n<p><strong>Dzie\u0144 V:<\/strong><\/p>\n\n\n\n<p>*\u015aniadanie i przejazd do Strachocina.<\/p>\n\n\n\n<p>*Msza \u015bw. i nawiedzenie i zwiedzanie Sanktuarium \u015aw. Andrzeja Boboli,<\/p>\n\n\n\n<p>jednego z g\u0142\u00f3wnych patron\u00f3w Polski.<\/p>\n\n\n\n<p>*Wyjazd w drog\u0119 powrotn\u0105 do Gostynia, przyjazd w godzinach wieczornych.<\/p>\n\n\n\n<p>Kolejno\u015b\u0107 zwiedzania mo\u017ce ulec zmianie z powodu warunk\u00f3w pogodowych lub organizacyjnych.<\/p>\n\n\n\n<p><strong>Cena wyjazdu wynosi- 1880 z\u0142<\/strong><\/p>\n\n\n\n<p>Cena zawiera:<\/p>\n\n\n\n<p>*4 Noclegi w pensjonacie \u201eU Bogusi\u201d w miejscowo\u015bci Berezka,<\/p>\n\n\n\n<p>*Wy\u017cywienie (4 \u015bniadanie w stylu \u201eBufet Szwedzki\u201d, 4 Obiadokolacje),<\/p>\n\n\n\n<p>*Przewodnik-3dni,<\/p>\n\n\n\n<p>*Biesiada z muzyk\u0105 na \u017cywo,<\/p>\n\n\n\n<p>*Bilety wst\u0119pu do zwiedzanych obiekt\u00f3w + rejs statkiem, kurs kolejk\u0105 bieszczadzk\u0105,  op\u0142aty parkingowe. ofiara na sanktuaria:  ( ok. 200 z\u0142)<\/p>\n\n\n\n<p>*Przejazd autokarem zach., Euro VI i op\u0142aty parkingowe. <\/p>\n\n\n\n<p>Uwaga: Zakwaterowanie w pokojach 1os.- dodatkowo p\u0142atne. &nbsp;&nbsp;&nbsp;&nbsp;&nbsp;&nbsp;&nbsp;&nbsp;&nbsp;&nbsp;&nbsp;&nbsp;&nbsp;&nbsp;&nbsp;&nbsp;&nbsp;&nbsp;<\/p>\n","protected":false},"excerpt":{"rendered":"<p>OG\u0141OSZENIA DUSZPASTERSKIE 6 NIEDZIELA WIELKANOCNA &#8211; 10.05.2026 ROKU 1. Dzisiaj II grupa dzieci przyst\u0119puje do I komunii \u015bw. na Mszy&nbsp; \u015aw. o godz. 11.00. Dzi\u0119kujemy Panu Bogu za dar Chleba, kt\u00f3ry daje \u017cycie wieczne i modlimy si\u0119 za dzieci, prosz\u0105c o \u017cyw\u0105 wiar\u0119 dla nich i ich rodzic\u00f3w.&nbsp; Zapraszam dzieci z rodzicami na Bia\u0142y Tydzie\u0144 [&hellip;]<\/p>\n","protected":false},"author":2,"featured_media":0,"parent":0,"menu_order":0,"comment_status":"closed","ping_status":"closed","template":"","meta":{"footnotes":""},"class_list":["post-192","page","type-page","status-publish","hentry"],"_links":{"self":[{"href":"https:\/\/ebojanowski.pl\/index.php?rest_route=\/wp\/v2\/pages\/192","targetHints":{"allow":["GET"]}}],"collection":[{"href":"https:\/\/ebojanowski.pl\/index.php?rest_route=\/wp\/v2\/pages"}],"about":[{"href":"https:\/\/ebojanowski.pl\/index.php?rest_route=\/wp\/v2\/types\/page"}],"author":[{"embeddable":true,"href":"https:\/\/ebojanowski.pl\/index.php?rest_route=\/wp\/v2\/users\/2"}],"replies":[{"embeddable":true,"href":"https:\/\/ebojanowski.pl\/index.php?rest_route=%2Fwp%2Fv2%2Fcomments&post=192"}],"version-history":[{"count":154,"href":"https:\/\/ebojanowski.pl\/index.php?rest_route=\/wp\/v2\/pages\/192\/revisions"}],"predecessor-version":[{"id":556,"href":"https:\/\/ebojanowski.pl\/index.php?rest_route=\/wp\/v2\/pages\/192\/revisions\/556"}],"wp:attachment":[{"href":"https:\/\/ebojanowski.pl\/index.php?rest_route=%2Fwp%2Fv2%2Fmedia&parent=192"}],"curies":[{"name":"wp","href":"https:\/\/api.w.org\/{rel}","templated":true}]}}