{"id":2,"date":"2024-04-24T11:08:35","date_gmt":"2024-04-24T09:08:35","guid":{"rendered":"https:\/\/ebojanowski.pl\/?page_id=2"},"modified":"2024-11-30T16:03:31","modified_gmt":"2024-11-30T15:03:31","slug":"przykladowa-strona","status":"publish","type":"page","link":"https:\/\/ebojanowski.pl\/?page_id=2","title":{"rendered":"NABO\u017bENSTWA"},"content":{"rendered":"\n<p>poniedzia\u0142ek 18:00<\/p>\n\n\n\n<p>wtorek 7:30 (w Adwenecie 7:00)<\/p>\n\n\n\n<p>\u015broda 18:00<\/p>\n\n\n\n<p>czwartek 18:00<\/p>\n\n\n\n<p>pi\u0105tek 18:00<\/p>\n\n\n\n<p>sobota 18:00<\/p>\n\n\n\n<p>niedziela 7:30;  9:00;  11:00.<\/p>\n\n\n\n<p><\/p>\n","protected":false},"excerpt":{"rendered":"<p>poniedzia\u0142ek 18:00 wtorek 7:30 (w Adwenecie 7:00) \u015broda 18:00 czwartek 18:00 pi\u0105tek 18:00 sobota 18:00 niedziela 7:30; 9:00; 11:00.<\/p>\n","protected":false},"author":1,"featured_media":0,"parent":0,"menu_order":0,"comment_status":"closed","ping_status":"open","template":"","meta":{"footnotes":""},"class_list":["post-2","page","type-page","status-publish","hentry"],"_links":{"self":[{"href":"https:\/\/ebojanowski.pl\/index.php?rest_route=\/wp\/v2\/pages\/2","targetHints":{"allow":["GET"]}}],"collection":[{"href":"https:\/\/ebojanowski.pl\/index.php?rest_route=\/wp\/v2\/pages"}],"about":[{"href":"https:\/\/ebojanowski.pl\/index.php?rest_route=\/wp\/v2\/types\/page"}],"author":[{"embeddable":true,"href":"https:\/\/ebojanowski.pl\/index.php?rest_route=\/wp\/v2\/users\/1"}],"replies":[{"embeddable":true,"href":"https:\/\/ebojanowski.pl\/index.php?rest_route=%2Fwp%2Fv2%2Fcomments&post=2"}],"version-history":[{"count":2,"href":"https:\/\/ebojanowski.pl\/index.php?rest_route=\/wp\/v2\/pages\/2\/revisions"}],"predecessor-version":[{"id":302,"href":"https:\/\/ebojanowski.pl\/index.php?rest_route=\/wp\/v2\/pages\/2\/revisions\/302"}],"wp:attachment":[{"href":"https:\/\/ebojanowski.pl\/index.php?rest_route=%2Fwp%2Fv2%2Fmedia&parent=2"}],"curies":[{"name":"wp","href":"https:\/\/api.w.org\/{rel}","templated":true}]}}